{"id":101,"date":"2022-12-06T05:51:17","date_gmt":"2022-12-06T10:51:17","guid":{"rendered":"https:\/\/www.ecoledeconduiterahmalangelier.com\/?page_id=101"},"modified":"2024-12-04T20:12:38","modified_gmt":"2024-12-05T01:12:38","slug":"cours-de-conduite-debutant","status":"publish","type":"page","link":"https:\/\/www.ecoledeconduiterahmalangelier.com\/en\/cours-de-conduite-debutant\/","title":{"rendered":"Cours de conduite d\u00e9butant | Longueuil et St-L\u00e9onard"},"content":{"rendered":"<div data-elementor-type=\"wp-page\" data-elementor-id=\"101\" class=\"elementor elementor-101\">\n\t\t\t\t\t\t<section class=\"elementor-section elementor-top-section elementor-element elementor-element-4a625ee elementor-section-boxed elementor-section-height-default elementor-section-height-default\" data-id=\"4a625ee\" data-element_type=\"section\">\n\t\t\t\t\t\t<div class=\"elementor-container elementor-column-gap-default\">\n\t\t\t\t\t<div class=\"elementor-column elementor-col-100 elementor-top-column elementor-element elementor-element-fffc6ce\" data-id=\"fffc6ce\" data-element_type=\"column\">\n\t\t\t<div class=\"elementor-widget-wrap elementor-element-populated\">\n\t\t\t\t\t\t<div class=\"elementor-element elementor-element-0926625 elementor-widget elementor-widget-spacer\" data-id=\"0926625\" data-element_type=\"widget\" data-widget_type=\"spacer.default\">\n\t\t\t\t<div class=\"elementor-widget-container\">\n\t\t\t\t\t\t\t<div class=\"elementor-spacer\">\n\t\t\t<div class=\"elementor-spacer-inner\"><\/div>\n\t\t<\/div>\n\t\t\t\t\t\t<\/div>\n\t\t\t\t<\/div>\n\t\t\t\t\t<\/div>\n\t\t<\/div>\n\t\t\t\t\t<\/div>\n\t\t<\/section>\n\t\t\t\t<section class=\"elementor-section elementor-top-section elementor-element elementor-element-3672f52f elementor-section-full_width elementor-section-content-middle elementor-section-height-default elementor-section-height-default\" data-id=\"3672f52f\" data-element_type=\"section\" data-settings=\"{&quot;background_background&quot;:&quot;classic&quot;}\">\n\t\t\t\t\t\t<div class=\"elementor-container elementor-column-gap-no\">\n\t\t\t\t\t<div class=\"elementor-column elementor-col-100 elementor-top-column elementor-element elementor-element-401ee8da\" data-id=\"401ee8da\" data-element_type=\"column\">\n\t\t\t<div class=\"elementor-widget-wrap elementor-element-populated\">\n\t\t\t\t\t\t<section class=\"elementor-section elementor-inner-section elementor-element elementor-element-1bb6d762 elementor-section-boxed elementor-section-height-default elementor-section-height-default\" data-id=\"1bb6d762\" data-element_type=\"section\">\n\t\t\t\t\t\t<div class=\"elementor-container elementor-column-gap-no\">\n\t\t\t\t\t<div class=\"elementor-column elementor-col-100 elementor-inner-column elementor-element elementor-element-8f0d155\" data-id=\"8f0d155\" data-element_type=\"column\">\n\t\t\t<div class=\"elementor-widget-wrap elementor-element-populated\">\n\t\t\t\t\t\t<div class=\"elementor-element elementor-element-53b66cfc elementor-widget elementor-widget-heading\" data-id=\"53b66cfc\" data-element_type=\"widget\" data-widget_type=\"heading.default\">\n\t\t\t\t<div class=\"elementor-widget-container\">\n\t\t\t\t\t<h1 class=\"elementor-heading-title elementor-size-default\">Beginner driving course<\/h1>\t\t\t\t<\/div>\n\t\t\t\t<\/div>\n\t\t\t\t\t<\/div>\n\t\t<\/div>\n\t\t\t\t\t<\/div>\n\t\t<\/section>\n\t\t\t\t\t<\/div>\n\t\t<\/div>\n\t\t\t\t\t<\/div>\n\t\t<\/section>\n\t\t\t\t<section class=\"elementor-section elementor-top-section elementor-element elementor-element-4759cc8c elementor-section-full_width elementor-section-height-default elementor-section-height-default\" data-id=\"4759cc8c\" data-element_type=\"section\">\n\t\t\t\t\t\t<div class=\"elementor-container elementor-column-gap-no\">\n\t\t\t\t\t<div class=\"elementor-column elementor-col-100 elementor-top-column elementor-element elementor-element-1bbf7812\" data-id=\"1bbf7812\" data-element_type=\"column\">\n\t\t\t<div class=\"elementor-widget-wrap elementor-element-populated\">\n\t\t\t\t\t\t<section class=\"elementor-section elementor-inner-section elementor-element elementor-element-636a2b68 elementor-section-boxed elementor-section-height-default elementor-section-height-default\" data-id=\"636a2b68\" data-element_type=\"section\">\n\t\t\t\t\t\t<div class=\"elementor-container elementor-column-gap-no\">\n\t\t\t\t\t<div class=\"elementor-column elementor-col-100 elementor-inner-column elementor-element elementor-element-707cba33\" data-id=\"707cba33\" data-element_type=\"column\">\n\t\t\t<div class=\"elementor-widget-wrap elementor-element-populated\">\n\t\t\t\t\t\t<div class=\"elementor-element elementor-element-7d9bfe16 elementor-invisible elementor-widget elementor-widget-theme-post-featured-image\" data-id=\"7d9bfe16\" data-element_type=\"widget\" data-settings=\"{&quot;_animation&quot;:&quot;zoomIn&quot;}\" data-widget_type=\"theme-post-featured-image.default\">\n\t\t\t\t<div class=\"elementor-widget-container\">\n\t\t\t\t\t \t\t\t\t<\/div>\n\t\t\t\t<\/div>\n\t\t\t\t\t<\/div>\n\t\t<\/div>\n\t\t\t\t\t<\/div>\n\t\t<\/section>\n\t\t\t\t\t<\/div>\n\t\t<\/div>\n\t\t\t\t\t<\/div>\n\t\t<\/section>\n\t\t\t\t<section class=\"elementor-section elementor-top-section elementor-element elementor-element-34fa138 elementor-section-boxed elementor-section-height-default elementor-section-height-default\" data-id=\"34fa138\" data-element_type=\"section\">\n\t\t\t\t\t\t<div class=\"elementor-container elementor-column-gap-default\">\n\t\t\t\t\t<div class=\"elementor-column elementor-col-100 elementor-top-column elementor-element elementor-element-b0af565\" data-id=\"b0af565\" data-element_type=\"column\">\n\t\t\t<div class=\"elementor-widget-wrap\">\n\t\t\t\t\t\t\t<\/div>\n\t\t<\/div>\n\t\t\t\t\t<\/div>\n\t\t<\/section>\n\t\t\t\t<section class=\"elementor-section elementor-top-section elementor-element elementor-element-db70967 elementor-section-boxed elementor-section-height-default elementor-section-height-default\" data-id=\"db70967\" data-element_type=\"section\">\n\t\t\t\t\t\t<div class=\"elementor-container elementor-column-gap-default\">\n\t\t\t\t\t<div class=\"elementor-column elementor-col-100 elementor-top-column elementor-element elementor-element-b883c97\" data-id=\"b883c97\" data-element_type=\"column\">\n\t\t\t<div class=\"elementor-widget-wrap\">\n\t\t\t\t\t\t\t<\/div>\n\t\t<\/div>\n\t\t\t\t\t<\/div>\n\t\t<\/section>\n\t\t\t\t<section class=\"elementor-section elementor-top-section elementor-element elementor-element-e92f7ce elementor-section-boxed elementor-section-height-default elementor-section-height-default\" data-id=\"e92f7ce\" data-element_type=\"section\">\n\t\t\t\t\t\t<div class=\"elementor-container elementor-column-gap-default\">\n\t\t\t\t\t<div class=\"elementor-column elementor-col-100 elementor-top-column elementor-element elementor-element-6dd381f\" data-id=\"6dd381f\" data-element_type=\"column\">\n\t\t\t<div class=\"elementor-widget-wrap elementor-element-populated\">\n\t\t\t\t\t\t<div class=\"elementor-element elementor-element-68d128a elementor-widget elementor-widget-text-editor\" data-id=\"68d128a\" data-element_type=\"widget\" data-widget_type=\"text-editor.default\">\n\t\t\t\t<div class=\"elementor-widget-container\">\n\t\t\t\t\t\t\t\t\t<p>Our regular beginner's driving course is designed for people who are 16 years of age or older and who have never had a driver's license.<\/p><p>Ce cours est d\u2019abord une formation th\u00e9orique de 12 modules de 2 heures chacun.<\/p><p>Following this theoretical training, the student will take a theory test at the SAAQ in order to obtain a learner's permit, which will allow him\/her to drive while accompanied by an instructor or any other person who has a regular driver's license.<\/p><p>Once the learner's permit is obtained, the student will begin a cycle of 15 practical driving sessions of 1 hour each, before being able to take his practical test with the SAAQ, which will give him his probationary driver's permit.<\/p><p>Note that the probationary license allows its holder to drive alone in a completely autonomous way, but this license contains only 4 demerit points unlike the regular driver's license which will be obtained only after a period of 2 years of probation.<\/p><p>\u00a0<\/p>\t\t\t\t\t\t\t\t<\/div>\n\t\t\t\t<\/div>\n\t\t\t\t<div class=\"elementor-element elementor-element-d8892eb elementor-widget elementor-widget-html\" data-id=\"d8892eb\" data-element_type=\"widget\" data-widget_type=\"html.default\">\n\t\t\t\t<div class=\"elementor-widget-container\">\n\t\t\t\t\t<!DOCTYPE html>\r\n<html lang=\"fr\">\r\n<head>\r\n    <meta charset=\"UTF-8\">\r\n    <meta name=\"viewport\" content=\"width=device-width, initial-scale=1.0\">\r\n    <title>Nos formations<\/title>\r\n    <style>\r\n        body {\r\n            font-family: Arial, sans-serif;\r\n            margin: 0;\r\n            padding: 0;\r\n            background-color: #f4f4f4;\r\n        }\r\n        .container {\r\n            max-width: 800px;\r\n            margin: 0 auto;\r\n            padding: 20px;\r\n            background-color: #fff;\r\n            border-radius: 8px;\r\n            box-shadow: 0 0 10px rgba(0, 0, 0, 0.1);\r\n        }\r\n        h1 {\r\n            text-align: center;\r\n            color: #333;\r\n            margin-bottom: 30px;\r\n        }\r\n        .pricing-table {\r\n            display: flex;\r\n            justify-content: space-around;\r\n            flex-wrap: wrap;\r\n            gap: 20px;\r\n        }\r\n        .pricing-item {\r\n            background-color: #e8f4f8;\r\n            border-radius: 8px;\r\n            padding: 20px;\r\n            text-align: center;\r\n            flex: 1 1 calc(33.333% - 40px);\r\n            box-sizing: border-box;\r\n            min-width: 250px;\r\n            box-shadow: 0 0 10px rgba(0, 0, 0, 0.1);\r\n        }\r\n        .pricing-item h2 {\r\n            margin: 0 0 15px;\r\n            color: #007bff;\r\n            font-size: 20px;\r\n        }\r\n        .price {\r\n            font-size: 24px;\r\n            font-weight: bold;\r\n            color: #333;\r\n            margin: 15px 0;\r\n        }\r\n        .description {\r\n            font-size: 16px;\r\n            color: #555;\r\n        }\r\n    <\/style>\r\n<\/head>\r\n<body>\r\n    <div class=\"container\">\r\n        <h1>Nos formations<\/h1>\r\n        <div class=\"pricing-table\">\r\n            <div class=\"pricing-item\">\r\n                <h2>Formation compl\u00e8te<\/h2>\r\n                <p class=\"price\">950$ + tx<\/p>\r\n                <p class=\"description\">+ Livre 45$ + tx<\/p>\r\n            <\/div>\r\n            <div class=\"pricing-item\">\r\n                <h2>Perfectionnement<\/h2>\r\n                <p class=\"price\">45$ + tx<\/p>\r\n                <p class=\"description\">1 Cours de perfectionnement<\/p>\r\n            <\/div>\r\n            <div class=\"pricing-item\">\r\n                <h2>Pack perfectionnement<\/h2>\r\n                <p class=\"price\">400$ + tx<\/p>\r\n                <p class=\"description\">10 heures de conduite<\/p>\r\n            <\/div>\r\n            <div class=\"pricing-item\">\r\n                <h2>Location voiture<\/h2>\r\n                <p class=\"price\">80$ + tx<\/p>\r\n                <p class=\"description\">Pour examen pratique<\/p>\r\n            <\/div>\r\n        <\/div>\r\n    <\/div>\r\n<\/body>\r\n<\/html>\t\t\t\t<\/div>\n\t\t\t\t<\/div>\n\t\t\t\t\t<\/div>\n\t\t<\/div>\n\t\t\t\t\t<\/div>\n\t\t<\/section>\n\t\t\t\t<section class=\"elementor-section elementor-top-section elementor-element elementor-element-7425447 elementor-section-boxed elementor-section-height-default elementor-section-height-default\" data-id=\"7425447\" data-element_type=\"section\">\n\t\t\t\t\t\t<div class=\"elementor-container elementor-column-gap-default\">\n\t\t\t\t\t<div class=\"elementor-column elementor-col-50 elementor-top-column elementor-element elementor-element-2ae71fc\" data-id=\"2ae71fc\" data-element_type=\"column\">\n\t\t\t<div class=\"elementor-widget-wrap elementor-element-populated\">\n\t\t\t\t\t\t<div class=\"elementor-element elementor-element-d5bf091 elementor-widget elementor-widget-image\" data-id=\"d5bf091\" data-element_type=\"widget\" data-widget_type=\"image.default\">\n\t\t\t\t<div class=\"elementor-widget-container\">\n\t\t\t\t\t\t\t\t\t\t\t\t\t\t\t<img decoding=\"async\" width=\"300\" height=\"134\" src=\"https:\/\/www.ecoledeconduiterahmalangelier.com\/wp-content\/uploads\/2022\/12\/ppl-sec-300x134.png\" class=\"attachment-medium size-medium wp-image-306\" alt=\"\" srcset=\"https:\/\/www.ecoledeconduiterahmalangelier.com\/wp-content\/uploads\/2022\/12\/ppl-sec-300x134.png 300w, https:\/\/www.ecoledeconduiterahmalangelier.com\/wp-content\/uploads\/2022\/12\/ppl-sec-768x342.png 768w, https:\/\/www.ecoledeconduiterahmalangelier.com\/wp-content\/uploads\/2022\/12\/ppl-sec.png 927w\" sizes=\"(max-width: 300px) 100vw, 300px\" \/>\t\t\t\t\t\t\t\t\t\t\t\t\t\t\t<\/div>\n\t\t\t\t<\/div>\n\t\t\t\t\t<\/div>\n\t\t<\/div>\n\t\t\t\t<div class=\"elementor-column elementor-col-50 elementor-top-column elementor-element elementor-element-9e1df8c\" data-id=\"9e1df8c\" data-element_type=\"column\">\n\t\t\t<div class=\"elementor-widget-wrap elementor-element-populated\">\n\t\t\t\t\t\t<div class=\"elementor-element elementor-element-a4d44fd elementor-widget elementor-widget-html\" data-id=\"a4d44fd\" data-element_type=\"widget\" data-widget_type=\"html.default\">\n\t\t\t\t<div class=\"elementor-widget-container\">\n\t\t\t\t\t<form action=\"https:\/\/www.paypal.com\/cgi-bin\/webscr\" method=\"post\" target=\"_top\">\r\n<input type=\"hidden\" name=\"cmd\" value=\"_s-xclick\">\r\n<input type=\"hidden\" name=\"hosted_button_id\" value=\"JMVEU3KB27DZN\">\r\n<input type=\"image\" src=\"https:\/\/www.paypalobjects.com\/fr_CA\/i\/btn\/btn_buynowCC_LG.gif\" border=\"0\" name=\"submit\" alt=\"PayPal - la solution de paiement en ligne la plus simple et la plus s\u00e9curis\u00e9e !\">\r\n<img decoding=\"async\" alt=\"\" border=\"0\" src=\"https:\/\/www.paypalobjects.com\/fr_CA\/i\/scr\/pixel.gif\" width=\"1\" height=\"1\">\r\n<\/form>\r\n\t\t\t\t<\/div>\n\t\t\t\t<\/div>\n\t\t\t\t\t<\/div>\n\t\t<\/div>\n\t\t\t\t\t<\/div>\n\t\t<\/section>\n\t\t\t\t<\/div>","protected":false},"excerpt":{"rendered":"<p>Cours de conduite d\u00e9butant Notre cours de conduite r\u00e9gulier pour les d\u00e9butants s\u2019adresse aux personnes qui ont 16 et plus et qui n\u2019ont jamais eu de permis de de conduire. Ce cours est d\u2019abord une formation th\u00e9orique de 12 modules de 2 heures chacun. Suite \u00e0 cette formation th\u00e9orique, l\u2019\u00e9l\u00e8ve passera son examen th\u00e9orique \u00e0 [&hellip;]<\/p>","protected":false},"author":1,"featured_media":0,"parent":0,"menu_order":0,"comment_status":"closed","ping_status":"closed","template":"","meta":{"footnotes":""},"class_list":["post-101","page","type-page","status-publish","hentry"],"yoast_head":"<!-- This site is optimized with the Yoast SEO plugin v25.2 - https:\/\/yoast.com\/wordpress\/plugins\/seo\/ -->\n<title>Cours de conduite d\u00e9butant | Longueuil et St-L\u00e9onard -<\/title>\n<meta name=\"description\" content=\"Cours pour d\u00e9butants \u00e0 l&#039;auto-\u00e9cole Rahma : formation personnalis\u00e9e, moniteurs certifi\u00e9s, et apprentissage s\u00e9curis\u00e9 pour vous aider \u00e0 r\u00e9ussir votre permis.\" \/>\n<meta name=\"robots\" content=\"index, follow, max-snippet:-1, max-image-preview:large, max-video-preview:-1\" \/>\n<link rel=\"canonical\" href=\"https:\/\/www.ecoledeconduiterahmalangelier.com\/en\/cours-de-conduite-debutant\/\" \/>\n<meta property=\"og:locale\" content=\"en_US\" \/>\n<meta property=\"og:type\" content=\"article\" \/>\n<meta property=\"og:title\" content=\"Cours de conduite d\u00e9butant | Longueuil et St-L\u00e9onard -\" \/>\n<meta property=\"og:description\" content=\"Cours pour d\u00e9butants \u00e0 l&#039;auto-\u00e9cole Rahma : formation personnalis\u00e9e, moniteurs certifi\u00e9s, et apprentissage s\u00e9curis\u00e9 pour vous aider \u00e0 r\u00e9ussir votre permis.\" \/>\n<meta property=\"og:url\" content=\"https:\/\/www.ecoledeconduiterahmalangelier.com\/en\/cours-de-conduite-debutant\/\" \/>\n<meta property=\"article:modified_time\" content=\"2024-12-05T01:12:38+00:00\" \/>\n<meta property=\"og:image\" content=\"http:\/\/www.ecoledeconduiterahmalangelier.com\/wp-content\/uploads\/2022\/12\/ppl-sec-300x134.png\" \/>\n<meta name=\"twitter:card\" content=\"summary_large_image\" \/>\n<meta name=\"twitter:label1\" content=\"Est. reading time\" \/>\n\t<meta name=\"twitter:data1\" content=\"2 minutes\" \/>\n<script type=\"application\/ld+json\" class=\"yoast-schema-graph\">{\"@context\":\"https:\/\/schema.org\",\"@graph\":[{\"@type\":\"WebPage\",\"@id\":\"https:\/\/www.ecoledeconduiterahmalangelier.com\/cours-de-conduite-debutant\/\",\"url\":\"https:\/\/www.ecoledeconduiterahmalangelier.com\/cours-de-conduite-debutant\/\",\"name\":\"Cours de conduite d\u00e9butant | Longueuil et St-L\u00e9onard -\",\"isPartOf\":{\"@id\":\"https:\/\/www.ecoledeconduiterahmalangelier.com\/#website\"},\"primaryImageOfPage\":{\"@id\":\"https:\/\/www.ecoledeconduiterahmalangelier.com\/cours-de-conduite-debutant\/#primaryimage\"},\"image\":{\"@id\":\"https:\/\/www.ecoledeconduiterahmalangelier.com\/cours-de-conduite-debutant\/#primaryimage\"},\"thumbnailUrl\":\"http:\/\/www.ecoledeconduiterahmalangelier.com\/wp-content\/uploads\/2022\/12\/ppl-sec-300x134.png\",\"datePublished\":\"2022-12-06T10:51:17+00:00\",\"dateModified\":\"2024-12-05T01:12:38+00:00\",\"description\":\"Cours pour d\u00e9butants \u00e0 l'auto-\u00e9cole Rahma : formation personnalis\u00e9e, moniteurs certifi\u00e9s, et apprentissage s\u00e9curis\u00e9 pour vous aider \u00e0 r\u00e9ussir votre permis.\",\"breadcrumb\":{\"@id\":\"https:\/\/www.ecoledeconduiterahmalangelier.com\/cours-de-conduite-debutant\/#breadcrumb\"},\"inLanguage\":\"en-CA\",\"potentialAction\":[{\"@type\":\"ReadAction\",\"target\":[\"https:\/\/www.ecoledeconduiterahmalangelier.com\/cours-de-conduite-debutant\/\"]}]},{\"@type\":\"ImageObject\",\"inLanguage\":\"en-CA\",\"@id\":\"https:\/\/www.ecoledeconduiterahmalangelier.com\/cours-de-conduite-debutant\/#primaryimage\",\"url\":\"http:\/\/www.ecoledeconduiterahmalangelier.com\/wp-content\/uploads\/2022\/12\/ppl-sec-300x134.png\",\"contentUrl\":\"http:\/\/www.ecoledeconduiterahmalangelier.com\/wp-content\/uploads\/2022\/12\/ppl-sec-300x134.png\"},{\"@type\":\"BreadcrumbList\",\"@id\":\"https:\/\/www.ecoledeconduiterahmalangelier.com\/cours-de-conduite-debutant\/#breadcrumb\",\"itemListElement\":[{\"@type\":\"ListItem\",\"position\":1,\"name\":\"Accueil\",\"item\":\"https:\/\/www.ecoledeconduiterahmalangelier.com\/\"},{\"@type\":\"ListItem\",\"position\":2,\"name\":\"Cours de conduite d\u00e9butant | Longueuil et St-L\u00e9onard\"}]},{\"@type\":\"WebSite\",\"@id\":\"https:\/\/www.ecoledeconduiterahmalangelier.com\/#website\",\"url\":\"https:\/\/www.ecoledeconduiterahmalangelier.com\/\",\"name\":\"\",\"description\":\"\",\"potentialAction\":[{\"@type\":\"SearchAction\",\"target\":{\"@type\":\"EntryPoint\",\"urlTemplate\":\"https:\/\/www.ecoledeconduiterahmalangelier.com\/?s={search_term_string}\"},\"query-input\":{\"@type\":\"PropertyValueSpecification\",\"valueRequired\":true,\"valueName\":\"search_term_string\"}}],\"inLanguage\":\"en-CA\"}]}<\/script>\n<!-- \/ Yoast SEO plugin. -->","yoast_head_json":{"title":"Cours de conduite d\u00e9butant | Longueuil et St-L\u00e9onard -","description":"Cours pour d\u00e9butants \u00e0 l'auto-\u00e9cole Rahma : formation personnalis\u00e9e, moniteurs certifi\u00e9s, et apprentissage s\u00e9curis\u00e9 pour vous aider \u00e0 r\u00e9ussir votre permis.","robots":{"index":"index","follow":"follow","max-snippet":"max-snippet:-1","max-image-preview":"max-image-preview:large","max-video-preview":"max-video-preview:-1"},"canonical":"https:\/\/www.ecoledeconduiterahmalangelier.com\/en\/cours-de-conduite-debutant\/","og_locale":"en_US","og_type":"article","og_title":"Cours de conduite d\u00e9butant | Longueuil et St-L\u00e9onard -","og_description":"Cours pour d\u00e9butants \u00e0 l'auto-\u00e9cole Rahma : formation personnalis\u00e9e, moniteurs certifi\u00e9s, et apprentissage s\u00e9curis\u00e9 pour vous aider \u00e0 r\u00e9ussir votre permis.","og_url":"https:\/\/www.ecoledeconduiterahmalangelier.com\/en\/cours-de-conduite-debutant\/","article_modified_time":"2024-12-05T01:12:38+00:00","og_image":[{"url":"http:\/\/www.ecoledeconduiterahmalangelier.com\/wp-content\/uploads\/2022\/12\/ppl-sec-300x134.png","type":"","width":"","height":""}],"twitter_card":"summary_large_image","twitter_misc":{"Est. reading time":"2 minutes"},"schema":{"@context":"https:\/\/schema.org","@graph":[{"@type":"WebPage","@id":"https:\/\/www.ecoledeconduiterahmalangelier.com\/cours-de-conduite-debutant\/","url":"https:\/\/www.ecoledeconduiterahmalangelier.com\/cours-de-conduite-debutant\/","name":"Cours de conduite d\u00e9butant | Longueuil et St-L\u00e9onard -","isPartOf":{"@id":"https:\/\/www.ecoledeconduiterahmalangelier.com\/#website"},"primaryImageOfPage":{"@id":"https:\/\/www.ecoledeconduiterahmalangelier.com\/cours-de-conduite-debutant\/#primaryimage"},"image":{"@id":"https:\/\/www.ecoledeconduiterahmalangelier.com\/cours-de-conduite-debutant\/#primaryimage"},"thumbnailUrl":"http:\/\/www.ecoledeconduiterahmalangelier.com\/wp-content\/uploads\/2022\/12\/ppl-sec-300x134.png","datePublished":"2022-12-06T10:51:17+00:00","dateModified":"2024-12-05T01:12:38+00:00","description":"Cours pour d\u00e9butants \u00e0 l'auto-\u00e9cole Rahma : formation personnalis\u00e9e, moniteurs certifi\u00e9s, et apprentissage s\u00e9curis\u00e9 pour vous aider \u00e0 r\u00e9ussir votre permis.","breadcrumb":{"@id":"https:\/\/www.ecoledeconduiterahmalangelier.com\/cours-de-conduite-debutant\/#breadcrumb"},"inLanguage":"en-CA","potentialAction":[{"@type":"ReadAction","target":["https:\/\/www.ecoledeconduiterahmalangelier.com\/cours-de-conduite-debutant\/"]}]},{"@type":"ImageObject","inLanguage":"en-CA","@id":"https:\/\/www.ecoledeconduiterahmalangelier.com\/cours-de-conduite-debutant\/#primaryimage","url":"http:\/\/www.ecoledeconduiterahmalangelier.com\/wp-content\/uploads\/2022\/12\/ppl-sec-300x134.png","contentUrl":"http:\/\/www.ecoledeconduiterahmalangelier.com\/wp-content\/uploads\/2022\/12\/ppl-sec-300x134.png"},{"@type":"BreadcrumbList","@id":"https:\/\/www.ecoledeconduiterahmalangelier.com\/cours-de-conduite-debutant\/#breadcrumb","itemListElement":[{"@type":"ListItem","position":1,"name":"Accueil","item":"https:\/\/www.ecoledeconduiterahmalangelier.com\/"},{"@type":"ListItem","position":2,"name":"Cours de conduite d\u00e9butant | Longueuil et St-L\u00e9onard"}]},{"@type":"WebSite","@id":"https:\/\/www.ecoledeconduiterahmalangelier.com\/#website","url":"https:\/\/www.ecoledeconduiterahmalangelier.com\/","name":"","description":"","potentialAction":[{"@type":"SearchAction","target":{"@type":"EntryPoint","urlTemplate":"https:\/\/www.ecoledeconduiterahmalangelier.com\/?s={search_term_string}"},"query-input":{"@type":"PropertyValueSpecification","valueRequired":true,"valueName":"search_term_string"}}],"inLanguage":"en-CA"}]}},"amp_enabled":false,"_links":{"self":[{"href":"https:\/\/www.ecoledeconduiterahmalangelier.com\/en\/wp-json\/wp\/v2\/pages\/101","targetHints":{"allow":["GET"]}}],"collection":[{"href":"https:\/\/www.ecoledeconduiterahmalangelier.com\/en\/wp-json\/wp\/v2\/pages"}],"about":[{"href":"https:\/\/www.ecoledeconduiterahmalangelier.com\/en\/wp-json\/wp\/v2\/types\/page"}],"author":[{"embeddable":true,"href":"https:\/\/www.ecoledeconduiterahmalangelier.com\/en\/wp-json\/wp\/v2\/users\/1"}],"replies":[{"embeddable":true,"href":"https:\/\/www.ecoledeconduiterahmalangelier.com\/en\/wp-json\/wp\/v2\/comments?post=101"}],"version-history":[{"count":79,"href":"https:\/\/www.ecoledeconduiterahmalangelier.com\/en\/wp-json\/wp\/v2\/pages\/101\/revisions"}],"predecessor-version":[{"id":2145,"href":"https:\/\/www.ecoledeconduiterahmalangelier.com\/en\/wp-json\/wp\/v2\/pages\/101\/revisions\/2145"}],"wp:attachment":[{"href":"https:\/\/www.ecoledeconduiterahmalangelier.com\/en\/wp-json\/wp\/v2\/media?parent=101"}],"curies":[{"name":"wp","href":"https:\/\/api.w.org\/{rel}","templated":true}]}}